{"id":11066,"date":"2022-05-27T11:58:43","date_gmt":"2022-05-27T11:58:43","guid":{"rendered":"https:\/\/wp.themedemo.org\/WP01\/WP009\/?page_id=16"},"modified":"2024-12-16T15:15:55","modified_gmt":"2024-12-16T15:15:55","slug":"home","status":"publish","type":"page","link":"https:\/\/www.ff-st-margarethen.eu\/","title":{"rendered":"Home"},"content":{"rendered":"\t\t<div data-elementor-type=\"wp-page\" data-elementor-id=\"11066\" class=\"elementor elementor-11066\">\n\t\t\t\t<div class=\"elementor-element elementor-element-a1fd268 e-flex e-con-boxed e-con e-parent\" data-id=\"a1fd268\" data-element_type=\"container\">\n\t\t\t\t\t<div class=\"e-con-inner\">\n\t\t\t\t<div class=\"elementor-element elementor-element-5d4d9a9 e-transform elementor-invisible elementor-widget elementor-widget-image\" data-id=\"5d4d9a9\" data-element_type=\"widget\" data-settings=\"{&quot;_animation&quot;:&quot;slideInDown&quot;,&quot;_transform_scale_effect&quot;:{&quot;unit&quot;:&quot;px&quot;,&quot;size&quot;:1.3,&quot;sizes&quot;:[]},&quot;_transform_scale_effect_tablet&quot;:{&quot;unit&quot;:&quot;px&quot;,&quot;size&quot;:&quot;&quot;,&quot;sizes&quot;:[]},&quot;_transform_scale_effect_mobile&quot;:{&quot;unit&quot;:&quot;px&quot;,&quot;size&quot;:&quot;&quot;,&quot;sizes&quot;:[]}}\" data-widget_type=\"image.default\">\n\t\t\t\t<div class=\"elementor-widget-container\">\n\t\t\t\t\t\t\t\t\t\t\t\t\t<img fetchpriority=\"high\" decoding=\"async\" width=\"1536\" height=\"569\" src=\"https:\/\/www.ff-st-margarethen.eu\/wp-content\/uploads\/2024\/11\/Bild-Titelseite-1-1-1536x569.png\" class=\"attachment-1536x1536 size-1536x1536 wp-image-11233\" alt=\"\" srcset=\"https:\/\/www.ff-st-margarethen.eu\/wp-content\/uploads\/2024\/11\/Bild-Titelseite-1-1-1536x569.png 1536w, https:\/\/www.ff-st-margarethen.eu\/wp-content\/uploads\/2024\/11\/Bild-Titelseite-1-1-300x111.png 300w, https:\/\/www.ff-st-margarethen.eu\/wp-content\/uploads\/2024\/11\/Bild-Titelseite-1-1-1024x379.png 1024w, https:\/\/www.ff-st-margarethen.eu\/wp-content\/uploads\/2024\/11\/Bild-Titelseite-1-1-768x284.png 768w, https:\/\/www.ff-st-margarethen.eu\/wp-content\/uploads\/2024\/11\/Bild-Titelseite-1-1-2048x759.png 2048w, https:\/\/www.ff-st-margarethen.eu\/wp-content\/uploads\/2024\/11\/Bild-Titelseite-1-1-600x222.png 600w\" sizes=\"(max-width: 1536px) 100vw, 1536px\" \/>\t\t\t\t\t\t\t\t\t\t\t\t\t<\/div>\n\t\t\t\t<\/div>\n\t\t\t\t<div class=\"elementor-element elementor-element-8bfbaa1 elementor-absolute elementor-widget elementor-widget-text-editor\" data-id=\"8bfbaa1\" data-element_type=\"widget\" data-settings=\"{&quot;_position&quot;:&quot;absolute&quot;}\" data-widget_type=\"text-editor.default\">\n\t\t\t\t<div class=\"elementor-widget-container\">\n\t\t\t\t\t\t\t<p><span style=\"color: #000000;\">Unsere Freizeit f\u00fcr Ihre Sicherheit<\/span><\/p>\t\t\t\t\t\t<\/div>\n\t\t\t\t<\/div>\n\t\t\t\t<div class=\"elementor-element elementor-element-8b3829d elementor-absolute elementor-widget elementor-widget-image\" data-id=\"8b3829d\" data-element_type=\"widget\" data-settings=\"{&quot;_position&quot;:&quot;absolute&quot;}\" data-widget_type=\"image.default\">\n\t\t\t\t<div class=\"elementor-widget-container\">\n\t\t\t\t\t\t\t\t\t\t\t\t\t<img decoding=\"async\" width=\"239\" height=\"300\" src=\"https:\/\/www.ff-st-margarethen.eu\/wp-content\/uploads\/2024\/11\/cropped-Korpsabzeichen.png\" class=\"attachment-large size-large wp-image-11157\" alt=\"\" \/>\t\t\t\t\t\t\t\t\t\t\t\t\t<\/div>\n\t\t\t\t<\/div>\n\t\t\t\t\t<\/div>\n\t\t\t\t<\/div>\n\t\t<div class=\"elementor-element elementor-element-67bd415 e-flex e-con-boxed e-con e-parent\" data-id=\"67bd415\" data-element_type=\"container\">\n\t\t\t\t\t<div class=\"e-con-inner\">\n\t\t\t\t<div class=\"elementor-element elementor-element-054c40a elementor-widget elementor-widget-spacer\" data-id=\"054c40a\" data-element_type=\"widget\" data-widget_type=\"spacer.default\">\n\t\t\t\t<div class=\"elementor-widget-container\">\n\t\t\t\t\t<div class=\"elementor-spacer\">\n\t\t\t<div class=\"elementor-spacer-inner\"><\/div>\n\t\t<\/div>\n\t\t\t\t<\/div>\n\t\t\t\t<\/div>\n\t\t\t\t<div class=\"elementor-element elementor-element-f0712d0 elementor-widget elementor-widget-spacer\" data-id=\"f0712d0\" data-element_type=\"widget\" data-widget_type=\"spacer.default\">\n\t\t\t\t<div class=\"elementor-widget-container\">\n\t\t\t\t\t<div class=\"elementor-spacer\">\n\t\t\t<div class=\"elementor-spacer-inner\"><\/div>\n\t\t<\/div>\n\t\t\t\t<\/div>\n\t\t\t\t<\/div>\n\t\t<div class=\"elementor-element elementor-element-791ce8d e-con-full e-flex e-con e-child\" data-id=\"791ce8d\" data-element_type=\"container\">\n\t\t\t\t<div class=\"elementor-element elementor-element-05f29c0 elementor-widget elementor-widget-heading\" data-id=\"05f29c0\" data-element_type=\"widget\" data-widget_type=\"heading.default\">\n\t\t\t\t<div class=\"elementor-widget-container\">\n\t\t\t<h2 class=\"elementor-heading-title elementor-size-default\">Willkommen bei der Feuerwehr St. Margarethen<\/h2>\t\t<\/div>\n\t\t\t\t<\/div>\n\t\t\t\t<div class=\"elementor-element elementor-element-b243a85 elementor-widget elementor-widget-text-editor\" data-id=\"b243a85\" data-element_type=\"widget\" data-widget_type=\"text-editor.default\">\n\t\t\t\t<div class=\"elementor-widget-container\">\n\t\t\t\t\t\t\t<p><span style=\"color: #000000;\">Gemeinsam f\u00fcr Ihre Sicherheit \u2013 rund um die Uhr, 365 Tage im Jahr. Wir sind Ihre Feuerwehr, stets bereit, Leben zu retten, Br\u00e4nde zu bek\u00e4mpfen und in Notlagen zu helfen. Entdecken Sie unsere Arbeit, unsere Werte und wie wir uns f\u00fcr die Gemeinschaft einsetzen. Erfahren Sie mehr \u00fcber unser Team, aktuelle Eins\u00e4tze und M\u00f6glichkeiten, selbst Teil dieser wichtigen Mission zu werden.<\/span><\/p><p><span style=\"color: #000000;\">Ihre Sicherheit ist unsere Aufgabe \u2013 zuverl\u00e4ssig, professionell und engagiert.<\/span><\/p>\t\t\t\t\t\t<\/div>\n\t\t\t\t<\/div>\n\t\t\t\t<div class=\"elementor-element elementor-element-c1f371d elementor-widget elementor-widget-spacer\" data-id=\"c1f371d\" data-element_type=\"widget\" data-widget_type=\"spacer.default\">\n\t\t\t\t<div class=\"elementor-widget-container\">\n\t\t\t\t\t<div class=\"elementor-spacer\">\n\t\t\t<div class=\"elementor-spacer-inner\"><\/div>\n\t\t<\/div>\n\t\t\t\t<\/div>\n\t\t\t\t<\/div>\n\t\t\t\t<div class=\"elementor-element elementor-element-560eaf5 elementor-widget elementor-widget-heading\" data-id=\"560eaf5\" data-element_type=\"widget\" data-widget_type=\"heading.default\">\n\t\t\t\t<div class=\"elementor-widget-container\">\n\t\t\t<h2 class=\"elementor-heading-title elementor-size-default\">Unsere Aufgabengebiete<\/h2>\t\t<\/div>\n\t\t\t\t<\/div>\n\t\t\t\t<\/div>\n\t\t\t\t\t<\/div>\n\t\t\t\t<\/div>\n\t\t<div class=\"elementor-element elementor-element-d0ad4f0 e-flex e-con-boxed e-con e-parent\" data-id=\"d0ad4f0\" data-element_type=\"container\">\n\t\t\t\t\t<div class=\"e-con-inner\">\n\t\t<div class=\"elementor-element elementor-element-4d06ad1 e-con-full e-flex e-con e-child\" data-id=\"4d06ad1\" data-element_type=\"container\">\n\t\t\t\t<div class=\"elementor-element elementor-element-dab755a elementor-view-default elementor-widget elementor-widget-icon\" data-id=\"dab755a\" data-element_type=\"widget\" data-widget_type=\"icon.default\">\n\t\t\t\t<div class=\"elementor-widget-container\">\n\t\t\t\t\t<div class=\"elementor-icon-wrapper\">\n\t\t\t<div class=\"elementor-icon\">\n\t\t\t<svg aria-hidden=\"true\" class=\"e-font-icon-svg e-fas-first-aid\" viewBox=\"0 0 576 512\" xmlns=\"http:\/\/www.w3.org\/2000\/svg\"><path d=\"M0 80v352c0 26.5 21.5 48 48 48h48V32H48C21.5 32 0 53.5 0 80zm128 400h320V32H128v448zm64-248c0-4.4 3.6-8 8-8h56v-56c0-4.4 3.6-8 8-8h48c4.4 0 8 3.6 8 8v56h56c4.4 0 8 3.6 8 8v48c0 4.4-3.6 8-8 8h-56v56c0 4.4-3.6 8-8 8h-48c-4.4 0-8-3.6-8-8v-56h-56c-4.4 0-8-3.6-8-8v-48zM528 32h-48v448h48c26.5 0 48-21.5 48-48V80c0-26.5-21.5-48-48-48z\"><\/path><\/svg>\t\t\t<\/div>\n\t\t<\/div>\n\t\t\t\t<\/div>\n\t\t\t\t<\/div>\n\t\t\t\t<div class=\"elementor-element elementor-element-09aefce elementor-widget elementor-widget-heading\" data-id=\"09aefce\" data-element_type=\"widget\" data-widget_type=\"heading.default\">\n\t\t\t\t<div class=\"elementor-widget-container\">\n\t\t\t<h2 class=\"elementor-heading-title elementor-size-default\">Retten<\/h2>\t\t<\/div>\n\t\t\t\t<\/div>\n\t\t\t\t<div class=\"elementor-element elementor-element-2637bdc elementor-widget elementor-widget-text-editor\" data-id=\"2637bdc\" data-element_type=\"widget\" data-widget_type=\"text-editor.default\">\n\t\t\t\t<div class=\"elementor-widget-container\">\n\t\t\t\t\t\t\t<p>Rettung von Menschen und Tieren aus lebensbedrohlichen Situationen, wie z. B. bei Br\u00e4nden, Verkehrsunf\u00e4llen oder Naturkatastrophen.<\/p>\t\t\t\t\t\t<\/div>\n\t\t\t\t<\/div>\n\t\t\t\t<\/div>\n\t\t<div class=\"elementor-element elementor-element-c92506a e-con-full e-flex e-con e-child\" data-id=\"c92506a\" data-element_type=\"container\">\n\t\t\t\t<div class=\"elementor-element elementor-element-c9ce256 elementor-view-default elementor-widget elementor-widget-icon\" data-id=\"c9ce256\" data-element_type=\"widget\" data-widget_type=\"icon.default\">\n\t\t\t\t<div class=\"elementor-widget-container\">\n\t\t\t\t\t<div class=\"elementor-icon-wrapper\">\n\t\t\t<div class=\"elementor-icon\">\n\t\t\t<svg aria-hidden=\"true\" class=\"e-font-icon-svg e-fas-fire-extinguisher\" viewBox=\"0 0 448 512\" xmlns=\"http:\/\/www.w3.org\/2000\/svg\"><path d=\"M434.027 26.329l-168 28C254.693 56.218 256 67.8 256 72h-58.332C208.353 36.108 181.446 0 144 0c-39.435 0-66.368 39.676-52.228 76.203-52.039 13.051-75.381 54.213-90.049 90.884-4.923 12.307 1.063 26.274 13.37 31.197 12.317 4.926 26.279-1.075 31.196-13.37C75.058 112.99 106.964 120 168 120v27.076c-41.543 10.862-72 49.235-72 94.129V488c0 13.255 10.745 24 24 24h144c13.255 0 24-10.745 24-24V240c0-44.731-30.596-82.312-72-92.97V120h40c0 2.974-1.703 15.716 10.027 17.671l168 28C441.342 166.89 448 161.25 448 153.834V38.166c0-7.416-6.658-13.056-13.973-11.837zM144 72c-8.822 0-16-7.178-16-16s7.178-16 16-16 16 7.178 16 16-7.178 16-16 16z\"><\/path><\/svg>\t\t\t<\/div>\n\t\t<\/div>\n\t\t\t\t<\/div>\n\t\t\t\t<\/div>\n\t\t\t\t<div class=\"elementor-element elementor-element-87813d3 elementor-widget elementor-widget-heading\" data-id=\"87813d3\" data-element_type=\"widget\" data-widget_type=\"heading.default\">\n\t\t\t\t<div class=\"elementor-widget-container\">\n\t\t\t<h2 class=\"elementor-heading-title elementor-size-default\">L\u00f6schen<\/h2>\t\t<\/div>\n\t\t\t\t<\/div>\n\t\t\t\t<div class=\"elementor-element elementor-element-912e72b elementor-widget elementor-widget-text-editor\" data-id=\"912e72b\" data-element_type=\"widget\" data-widget_type=\"text-editor.default\">\n\t\t\t\t<div class=\"elementor-widget-container\">\n\t\t\t\t\t\t\t<p>Bek\u00e4mpfung von Br\u00e4nden jeglicher Art, um Menschen, Tiere und Sachwerte zu sch\u00fctzen und gr\u00f6\u00dfere Sch\u00e4den zu verhindern.<\/p>\t\t\t\t\t\t<\/div>\n\t\t\t\t<\/div>\n\t\t\t\t<\/div>\n\t\t<div class=\"elementor-element elementor-element-f3f262e e-con-full e-flex e-con e-child\" data-id=\"f3f262e\" data-element_type=\"container\">\n\t\t\t\t<div class=\"elementor-element elementor-element-82ed884 elementor-view-default elementor-widget elementor-widget-icon\" data-id=\"82ed884\" data-element_type=\"widget\" data-widget_type=\"icon.default\">\n\t\t\t\t<div class=\"elementor-widget-container\">\n\t\t\t\t\t<div class=\"elementor-icon-wrapper\">\n\t\t\t<div class=\"elementor-icon\">\n\t\t\t<svg aria-hidden=\"true\" class=\"e-font-icon-svg e-fas-house-user\" viewBox=\"0 0 576 512\" xmlns=\"http:\/\/www.w3.org\/2000\/svg\"><path d=\"M570.69,236.27,512,184.44V48a16,16,0,0,0-16-16H432a16,16,0,0,0-16,16V99.67L314.78,10.3C308.5,4.61,296.53,0,288,0s-20.46,4.61-26.74,10.3l-256,226A18.27,18.27,0,0,0,0,248.2a18.64,18.64,0,0,0,4.09,10.71L25.5,282.7a21.14,21.14,0,0,0,12,5.3,21.67,21.67,0,0,0,10.69-4.11l15.9-14V480a32,32,0,0,0,32,32H480a32,32,0,0,0,32-32V269.88l15.91,14A21.94,21.94,0,0,0,538.63,288a20.89,20.89,0,0,0,11.87-5.31l21.41-23.81A21.64,21.64,0,0,0,576,248.19,21,21,0,0,0,570.69,236.27ZM288,176a64,64,0,1,1-64,64A64,64,0,0,1,288,176ZM400,448H176a16,16,0,0,1-16-16,96,96,0,0,1,96-96h64a96,96,0,0,1,96,96A16,16,0,0,1,400,448Z\"><\/path><\/svg>\t\t\t<\/div>\n\t\t<\/div>\n\t\t\t\t<\/div>\n\t\t\t\t<\/div>\n\t\t\t\t<div class=\"elementor-element elementor-element-0b88f6b elementor-widget elementor-widget-heading\" data-id=\"0b88f6b\" data-element_type=\"widget\" data-widget_type=\"heading.default\">\n\t\t\t\t<div class=\"elementor-widget-container\">\n\t\t\t<h2 class=\"elementor-heading-title elementor-size-default\">Bergen<\/h2>\t\t<\/div>\n\t\t\t\t<\/div>\n\t\t\t\t<div class=\"elementor-element elementor-element-c3960f5 elementor-widget elementor-widget-text-editor\" data-id=\"c3960f5\" data-element_type=\"widget\" data-widget_type=\"text-editor.default\">\n\t\t\t\t<div class=\"elementor-widget-container\">\n\t\t\t\t\t\t\t<p>Sicherung und Bergung von Sachwerten, Fahrzeugen oder Gefahrstoffen aus Gefahrenlagen, wie z. B. nach Unf\u00e4llen oder Explosionen.<\/p>\t\t\t\t\t\t<\/div>\n\t\t\t\t<\/div>\n\t\t\t\t<\/div>\n\t\t<div class=\"elementor-element elementor-element-27e9103 e-con-full e-flex e-con e-child\" data-id=\"27e9103\" data-element_type=\"container\">\n\t\t\t\t<div class=\"elementor-element elementor-element-3eb8bbb elementor-view-default elementor-widget elementor-widget-icon\" data-id=\"3eb8bbb\" data-element_type=\"widget\" data-widget_type=\"icon.default\">\n\t\t\t\t<div class=\"elementor-widget-container\">\n\t\t\t\t\t<div class=\"elementor-icon-wrapper\">\n\t\t\t<div class=\"elementor-icon\">\n\t\t\t<svg aria-hidden=\"true\" class=\"e-font-icon-svg e-fas-shield-alt\" viewBox=\"0 0 512 512\" xmlns=\"http:\/\/www.w3.org\/2000\/svg\"><path d=\"M466.5 83.7l-192-80a48.15 48.15 0 0 0-36.9 0l-192 80C27.7 91.1 16 108.6 16 128c0 198.5 114.5 335.7 221.5 380.3 11.8 4.9 25.1 4.9 36.9 0C360.1 472.6 496 349.3 496 128c0-19.4-11.7-36.9-29.5-44.3zM256.1 446.3l-.1-381 175.9 73.3c-3.3 151.4-82.1 261.1-175.8 307.7z\"><\/path><\/svg>\t\t\t<\/div>\n\t\t<\/div>\n\t\t\t\t<\/div>\n\t\t\t\t<\/div>\n\t\t\t\t<div class=\"elementor-element elementor-element-550651b elementor-widget elementor-widget-heading\" data-id=\"550651b\" data-element_type=\"widget\" data-widget_type=\"heading.default\">\n\t\t\t\t<div class=\"elementor-widget-container\">\n\t\t\t<h2 class=\"elementor-heading-title elementor-size-default\">Sch\u00fctzen<\/h2>\t\t<\/div>\n\t\t\t\t<\/div>\n\t\t\t\t<div class=\"elementor-element elementor-element-5a854b4 elementor-widget elementor-widget-text-editor\" data-id=\"5a854b4\" data-element_type=\"widget\" data-widget_type=\"text-editor.default\">\n\t\t\t\t<div class=\"elementor-widget-container\">\n\t\t\t\t\t\t\t<p>Vorbeugender Schutz von Menschen und Umwelt durch Ma\u00dfnahmen wie Brandschutzerziehung, Brandwachen oder den Umgang mit Gefahrstoffen.<\/p>\t\t\t\t\t\t<\/div>\n\t\t\t\t<\/div>\n\t\t\t\t<\/div>\n\t\t\t\t\t<\/div>\n\t\t\t\t<\/div>\n\t\t\t\t<div class=\"elementor-section elementor-top-section elementor-element elementor-element-d411c78 elementor-section-stretched elementor-section-boxed elementor-section-height-default elementor-section-height-default\" data-id=\"d411c78\" data-element_type=\"section\" data-settings=\"{&quot;stretch_section&quot;:&quot;section-stretched&quot;,&quot;background_background&quot;:&quot;classic&quot;}\">\n\t\t\t\t\t\t<div class=\"elementor-container elementor-column-gap-default\">\n\t\t\t\t\t<div class=\"elementor-column elementor-col-100 elementor-top-column elementor-element elementor-element-ba24f6f\" data-id=\"ba24f6f\" data-element_type=\"column\" data-settings=\"{&quot;background_background&quot;:&quot;classic&quot;}\">\n\t\t\t<div class=\"elementor-widget-wrap elementor-element-populated\">\n\t\t\t\t\t\t<div class=\"elementor-element elementor-element-7fb9036 elementor-widget elementor-widget-heading\" data-id=\"7fb9036\" data-element_type=\"widget\" data-widget_type=\"heading.default\">\n\t\t\t\t<div class=\"elementor-widget-container\">\n\t\t\t<h2 class=\"elementor-heading-title elementor-size-default\">Statistik 2024<\/h2>\t\t<\/div>\n\t\t\t\t<\/div>\n\t\t\t\t<div class=\"elementor-element elementor-element-438891e elementor-widget elementor-widget-spacer\" data-id=\"438891e\" data-element_type=\"widget\" data-widget_type=\"spacer.default\">\n\t\t\t\t<div class=\"elementor-widget-container\">\n\t\t\t\t\t<div class=\"elementor-spacer\">\n\t\t\t<div class=\"elementor-spacer-inner\"><\/div>\n\t\t<\/div>\n\t\t\t\t<\/div>\n\t\t\t\t<\/div>\n\t\t\t\t<div class=\"elementor-section elementor-inner-section elementor-element elementor-element-9b2b91e elementor-section-boxed elementor-section-height-default elementor-section-height-default\" data-id=\"9b2b91e\" data-element_type=\"section\">\n\t\t\t\t\t\t<div class=\"elementor-container elementor-column-gap-default\">\n\t\t\t\t\t<div class=\"elementor-column elementor-col-25 elementor-inner-column elementor-element elementor-element-612ebaa\" data-id=\"612ebaa\" data-element_type=\"column\">\n\t\t\t<div class=\"elementor-widget-wrap elementor-element-populated\">\n\t\t\t\t\t\t<div class=\"elementor-element elementor-element-ad3b710 elementor-widget__width-initial elementor-widget elementor-widget-counter\" data-id=\"ad3b710\" data-element_type=\"widget\" data-widget_type=\"counter.default\">\n\t\t\t\t<div class=\"elementor-widget-container\">\n\t\t\t\t\t<div class=\"elementor-counter\">\n\t\t\t<div class=\"elementor-counter-title\">Mitglieder<\/div>\t\t\t<div class=\"elementor-counter-number-wrapper\">\n\t\t\t\t<span class=\"elementor-counter-number-prefix\"><\/span>\n\t\t\t\t<span class=\"elementor-counter-number\" data-duration=\"2000\" data-to-value=\"50\" data-from-value=\"0\" data-delimiter=\",\">0<\/span>\n\t\t\t\t<span class=\"elementor-counter-number-suffix\"><\/span>\n\t\t\t<\/div>\n\t\t<\/div>\n\t\t\t\t<\/div>\n\t\t\t\t<\/div>\n\t\t\t\t\t<\/div>\n\t\t<\/div>\n\t\t\t\t<div class=\"elementor-column elementor-col-25 elementor-inner-column elementor-element elementor-element-12c53ed\" data-id=\"12c53ed\" data-element_type=\"column\">\n\t\t\t<div class=\"elementor-widget-wrap elementor-element-populated\">\n\t\t\t\t\t\t<div class=\"elementor-element elementor-element-325d3f6 elementor-widget__width-initial elementor-widget elementor-widget-counter\" data-id=\"325d3f6\" data-element_type=\"widget\" data-widget_type=\"counter.default\">\n\t\t\t\t<div class=\"elementor-widget-container\">\n\t\t\t\t\t<div class=\"elementor-counter\">\n\t\t\t<div class=\"elementor-counter-title\">Eins\u00e4tze<\/div>\t\t\t<div class=\"elementor-counter-number-wrapper\">\n\t\t\t\t<span class=\"elementor-counter-number-prefix\"><\/span>\n\t\t\t\t<span class=\"elementor-counter-number\" data-duration=\"2000\" data-to-value=\"26\" data-from-value=\"0\" data-delimiter=\",\">0<\/span>\n\t\t\t\t<span class=\"elementor-counter-number-suffix\"><\/span>\n\t\t\t<\/div>\n\t\t<\/div>\n\t\t\t\t<\/div>\n\t\t\t\t<\/div>\n\t\t\t\t\t<\/div>\n\t\t<\/div>\n\t\t\t\t<div class=\"elementor-column elementor-col-25 elementor-inner-column elementor-element elementor-element-3e1aacc\" data-id=\"3e1aacc\" data-element_type=\"column\">\n\t\t\t<div class=\"elementor-widget-wrap elementor-element-populated\">\n\t\t\t\t\t\t<div class=\"elementor-element elementor-element-a8e89cf elementor-widget__width-initial elementor-widget elementor-widget-counter\" data-id=\"a8e89cf\" data-element_type=\"widget\" data-widget_type=\"counter.default\">\n\t\t\t\t<div class=\"elementor-widget-container\">\n\t\t\t\t\t<div class=\"elementor-counter\">\n\t\t\t<div class=\"elementor-counter-title\">T\u00e4tigkeiten<\/div>\t\t\t<div class=\"elementor-counter-number-wrapper\">\n\t\t\t\t<span class=\"elementor-counter-number-prefix\"><\/span>\n\t\t\t\t<span class=\"elementor-counter-number\" data-duration=\"2000\" data-to-value=\"600\" data-from-value=\"0\" data-delimiter=\",\">0<\/span>\n\t\t\t\t<span class=\"elementor-counter-number-suffix\"><\/span>\n\t\t\t<\/div>\n\t\t<\/div>\n\t\t\t\t<\/div>\n\t\t\t\t<\/div>\n\t\t\t\t\t<\/div>\n\t\t<\/div>\n\t\t\t\t<div class=\"elementor-column elementor-col-25 elementor-inner-column elementor-element elementor-element-2b7faea\" data-id=\"2b7faea\" data-element_type=\"column\">\n\t\t\t<div class=\"elementor-widget-wrap elementor-element-populated\">\n\t\t\t\t\t\t<div class=\"elementor-element elementor-element-fd9f044 elementor-widget__width-initial elementor-widget elementor-widget-counter\" data-id=\"fd9f044\" data-element_type=\"widget\" data-widget_type=\"counter.default\">\n\t\t\t\t<div class=\"elementor-widget-container\">\n\t\t\t\t\t<div class=\"elementor-counter\">\n\t\t\t<div class=\"elementor-counter-title\">Gesamtstunden<\/div>\t\t\t<div class=\"elementor-counter-number-wrapper\">\n\t\t\t\t<span class=\"elementor-counter-number-prefix\"><\/span>\n\t\t\t\t<span class=\"elementor-counter-number\" data-duration=\"2000\" data-to-value=\"3210\" data-from-value=\"0\" data-delimiter=\",\">0<\/span>\n\t\t\t\t<span class=\"elementor-counter-number-suffix\"><\/span>\n\t\t\t<\/div>\n\t\t<\/div>\n\t\t\t\t<\/div>\n\t\t\t\t<\/div>\n\t\t\t\t\t<\/div>\n\t\t<\/div>\n\t\t\t\t\t<\/div>\n\t\t<\/div>\n\t\t\t\t\t<\/div>\n\t\t<\/div>\n\t\t\t\t\t<\/div>\n\t\t<\/div>\n\t\t\t\t<\/div>\n\t\t","protected":false},"excerpt":{"rendered":"<p>Unsere Freizeit f\u00fcr Ihre Sicherheit Willkommen bei der Feuerwehr St. Margarethen Gemeinsam f\u00fcr Ihre Sicherheit \u2013 rund um die Uhr, 365 Tage im Jahr. Wir sind Ihre Feuerwehr, stets bereit, Leben zu retten, Br\u00e4nde zu bek\u00e4mpfen und in Notlagen zu helfen. Entdecken Sie unsere Arbeit, unsere Werte und wie wir uns f\u00fcr die Gemeinschaft einsetzen&#8230;.<\/p>\n","protected":false},"author":1,"featured_media":0,"parent":0,"menu_order":0,"comment_status":"closed","ping_status":"closed","template":"","meta":{"_tbt_post_transparent":"","_tbt_post_title":"hide","_tbt_post_layout":"normal","_tbt_post_sidebar_id":"","_tbt_post_content_style":"unboxed","_tbt_post_vertical_padding":"hide","_tbt_post_feature":"default","_tbt_post_feature_position":"","_tbt_post_header":false,"_tbt_post_footer":false},"class_list":["post-11066","page","type-page","status-publish","hentry"],"_links":{"self":[{"href":"https:\/\/www.ff-st-margarethen.eu\/index.php?rest_route=\/wp\/v2\/pages\/11066","targetHints":{"allow":["GET"]}}],"collection":[{"href":"https:\/\/www.ff-st-margarethen.eu\/index.php?rest_route=\/wp\/v2\/pages"}],"about":[{"href":"https:\/\/www.ff-st-margarethen.eu\/index.php?rest_route=\/wp\/v2\/types\/page"}],"author":[{"embeddable":true,"href":"https:\/\/www.ff-st-margarethen.eu\/index.php?rest_route=\/wp\/v2\/users\/1"}],"replies":[{"embeddable":true,"href":"https:\/\/www.ff-st-margarethen.eu\/index.php?rest_route=%2Fwp%2Fv2%2Fcomments&post=11066"}],"version-history":[{"count":68,"href":"https:\/\/www.ff-st-margarethen.eu\/index.php?rest_route=\/wp\/v2\/pages\/11066\/revisions"}],"predecessor-version":[{"id":11284,"href":"https:\/\/www.ff-st-margarethen.eu\/index.php?rest_route=\/wp\/v2\/pages\/11066\/revisions\/11284"}],"wp:attachment":[{"href":"https:\/\/www.ff-st-margarethen.eu\/index.php?rest_route=%2Fwp%2Fv2%2Fmedia&parent=11066"}],"curies":[{"name":"wp","href":"https:\/\/api.w.org\/{rel}","templated":true}]}}